{"id":3836,"date":"2025-12-14T17:41:20","date_gmt":"2025-12-14T17:41:20","guid":{"rendered":"https:\/\/kacolina.rs\/?post_type=product&#038;p=3836"},"modified":"2026-04-07T09:51:39","modified_gmt":"2026-04-07T07:51:39","slug":"prikaz-svih-recepata","status":"publish","type":"product","link":"https:\/\/kacolina.rs\/en\/p\/prikaz-svih-recepata\/","title":{"rendered":"Moja online kuhinja"},"content":{"rendered":"","protected":false},"excerpt":{"rendered":"<h5 data-start=\"175\" data-end=\"219\"><span style=\"color: #f76b6a;\"><strong data-start=\"175\" data-end=\"219\">Neograni\u010den pristup svim mojim receptima!<\/strong><\/span><\/h5>\n<p data-start=\"221\" data-end=\"340\">Dobrodo\u0161la u <strong data-start=\"234\" data-end=\"257\">Moju online kuhinju<\/strong> \u2013 mesto gde delim sve svoje omiljene, proverene i svakodnevno primenljive recepte.<\/p>\n<p data-start=\"342\" data-end=\"537\">Kupovinom pristupa dobija\u0161 <strong data-start=\"369\" data-end=\"400\">potpuni ulaz u moju kuhinju<\/strong>: sve recepte koji su ve\u0107 na sajtu, kao i <strong data-start=\"442\" data-end=\"463\">svaki novi recept<\/strong> koji budem objavila u budu\u0107nosti. Bez dodatnih pla\u0107anja, bez ograni\u010denja.<\/p>\n<p data-start=\"342\" data-end=\"537\">Podeli \u010dlanstvo sa najboljom drugaricom, i to je OK, te\u0161ka su vremena \ud83d\ude0a Toleri\u0161em do 3 drugarice, posle toga \u0161aljem mafiju \ud83d\ude0a<\/p>\n<p data-start=\"539\" data-end=\"679\">Ovde te ne \u010dekaju komplikovani recepti i duga filozofija \u2013 ve\u0107 <strong data-start=\"602\" data-end=\"645\">jasni koraci, ta\u010dne mere i mali trikovi<\/strong> koje koristim i u svojoj kuhinji.<\/p>\n<h5 data-start=\"681\" data-end=\"697\"><span style=\"color: #f76b6a;\">\u0160ta dobija\u0161?<\/span><\/h5>\n<p data-start=\"698\" data-end=\"902\">\u2728 Pristup svim postoje\u0107im receptima<br data-start=\"733\" data-end=\"736\" \/>\u2728 Novi recepti \u010dim budu objavljeni<br data-start=\"770\" data-end=\"773\" \/>\u2728 Jednostavna i razumljiva uputstva<br data-start=\"808\" data-end=\"811\" \/>\u2728 Ideje za brze obroke, slatki\u0161e i posebne prilike<br data-start=\"861\" data-end=\"864\" \/>\u2728 Sve na jednom mestu, dostupno 24\/7<\/p>\n<p data-start=\"904\" data-end=\"1024\"><strong data-start=\"904\" data-end=\"927\">Moja online kuhinja<\/strong> je za tebe ako voli\u0161 da kuva\u0161, \u017eeli\u0161 nove ideje i ho\u0107e\u0161 da ima\u0161 proverene recepte uvek pri ruci.<\/p>\n<p data-start=\"1026\" data-end=\"1091\">\ud83d\udc49 Ako \u017eeli\u0161 da kuvamo zajedno \u2013 <strong data-start=\"1059\" data-end=\"1088\">ulaz u kuhinju je otvoren<\/strong> \ud83e\udd0d<\/p>","protected":false},"featured_media":4557,"template":"","meta":[],"product_brand":[],"product_cat":[15],"product_tag":[],"class_list":{"0":"post-3836","1":"product","2":"type-product","3":"status-publish","4":"has-post-thumbnail","6":"product_cat-proizvodi","8":"first","9":"instock","10":"sale","11":"shipping-taxable","12":"purchasable","13":"product-type-simple"},"_links":{"self":[{"href":"https:\/\/kacolina.rs\/en\/wp-json\/wp\/v2\/product\/3836","targetHints":{"allow":["GET"]}}],"collection":[{"href":"https:\/\/kacolina.rs\/en\/wp-json\/wp\/v2\/product"}],"about":[{"href":"https:\/\/kacolina.rs\/en\/wp-json\/wp\/v2\/types\/product"}],"wp:featuredmedia":[{"embeddable":true,"href":"https:\/\/kacolina.rs\/en\/wp-json\/wp\/v2\/media\/4557"}],"wp:attachment":[{"href":"https:\/\/kacolina.rs\/en\/wp-json\/wp\/v2\/media?parent=3836"}],"wp:term":[{"taxonomy":"product_brand","embeddable":true,"href":"https:\/\/kacolina.rs\/en\/wp-json\/wp\/v2\/product_brand?post=3836"},{"taxonomy":"product_cat","embeddable":true,"href":"https:\/\/kacolina.rs\/en\/wp-json\/wp\/v2\/product_cat?post=3836"},{"taxonomy":"product_tag","embeddable":true,"href":"https:\/\/kacolina.rs\/en\/wp-json\/wp\/v2\/product_tag?post=3836"}],"curies":[{"name":"wp","href":"https:\/\/api.w.org\/{rel}","templated":true}]}}