{"id":3868,"date":"2025-12-20T12:13:54","date_gmt":"2025-12-20T12:13:54","guid":{"rendered":"https:\/\/kacolina.rs\/?page_id=3868"},"modified":"2025-12-25T23:52:14","modified_gmt":"2025-12-25T22:52:14","slug":"uslovi-kupovine","status":"publish","type":"page","link":"https:\/\/kacolina.rs\/en\/uslovi-kupovine\/","title":{"rendered":"Uslovi kupovine"},"content":{"rendered":"<div data-elementor-type=\"wp-page\" data-elementor-id=\"3868\" class=\"elementor elementor-3868\" data-elementor-post-type=\"page\">\n\t\t\t\t<div class=\"elementor-element elementor-element-fb37043 e-flex e-con-boxed e-con e-parent\" data-id=\"fb37043\" data-element_type=\"container\" data-e-type=\"container\">\n\t\t\t\t\t<div class=\"e-con-inner\">\n\t\t\t\t<div class=\"elementor-element elementor-element-6cdbba0 elementor-widget elementor-widget-text-editor\" data-id=\"6cdbba0\" data-element_type=\"widget\" data-e-type=\"widget\" data-widget_type=\"text-editor.default\">\n\t\t\t\t\t\t\t\t\t<h4><strong>Uslovi kori\u0161\u0107enja<\/strong><\/h4><p>Ovi Uslovi kori\u0161\u0107enja prodaje va\u017ee za prodaju proizvoda iz prodajnog asortimana KATARINA JOVANOVI\u0106 PR LINA MEDIA, sa sedi\u0161tem u ul. Stevana Sin\u0111eli\u0107a 50, 15225 Jalovik (u daljem tekstu Trgovac putem internet stranice https:\/\/kacolina.rs)<\/p><p><strong>Osnovni podaci o firmi:<\/strong><br \/>Poslovno ime: KATARINA JOVANOVI\u0106 PR LINA MEDIA<br \/>Adresa: Stevana Sin\u0111eli\u0107a 50, 15225 Jalovik<br \/>Delatnost: Fotografske usluge<br \/>\u0160ifra delatnosti: 7420<br \/>Mati\u010dni broj: 67325818<br \/>Poreski broj (PIB): 114103338<br \/>Web adresa: https:\/\/kacolina.rs<br \/>Kontakt e-mail: info@kacolina.rs<\/p><p><strong>Postupak kupovine<\/strong><br \/>Kupovina proizvoda koji se prodaju putem sajta https:\/\/kacolina.rs se mo\u017ee izvr\u0161iti od strane posetilaca sajta. Poru\u010divanjem proizvoda kupac prihvata ove Uslove kori\u0161\u0107enja i prodaje. Smatra\u0107e se da je potvrdom poru\u010divanja od strane Trgovca zaklju\u010den ugovor izmedju Trgovca i Kupca. Kupovina mo\u017ee biti izvr\u0161ena od strane posetilaca sajta unosom tra\u017eenih podataka &#8211; ime, prezime, li\u010dni podaci i podaci o internet nalogu koji koriste, podaci u vezi sa platnom karticom koju koriste za kupovinu preko sajta, e mail i sl.<\/p><p><strong>Izjava o konverziji<\/strong><br \/>Sva pla\u0107anja bi\u0107e izvr\u0161ena u lokalnoj valuti Republike Srbije \u2013 dinar (RSD). Za informativni prikaz cena u drugim valutama koristi se kurs (mo\u017eete staviti npr. srednji kurs Narodne Banke Srbije). Iznos za koji \u0107e biti zadu\u017eena Va\u0161a platna kartica bi\u0107e izra\u017een u Va\u0161oj lokalnoj valuti kroz konverziju u istu po kursu koji koriste karti\u010darske organizacije, a koji nama u trenutku transakcije ne mo\u017ee biti poznat. Kao<br \/>rezultat ove konverzije postoji mogu\u0107nost neznatne razlike od originalne cene navedene na na\u0161em sajtu. Hvala Vam na razumevanju.<\/p><p><strong>Za\u0161tita privatnosti korisnika<br \/><\/strong>\u201eU ime Ka\u0107oline se obavezujemo da \u0107emo \u010duvati privatnost svih na\u0161ih kupaca. Prikupljamo samo neophodne, osnovne podatke o kupcima\/ korisnicima i podatke neophodne za poslovanje i informisanje korisnika u skladu sa dobrim poslovnim obi\u010dajima i u cilju pru\u017eanja kvalitetne usluge. Dajemo kupcima mogu\u0107nost izbora uklju\u010duju\u0107i mogu\u0107nost odluke da li \u017eele ili ne da se izbri\u0161u sa mailing lista koje se koriste za marketin\u0161ke kampanje. Svi podaci o korisnicima\/kupcima se strogo \u010duvaju i dostupni su samo zaposlenima kojima su ti podaci nu\u017eni za obavljanje posla. Svi zaposleni kod Ka\u0107oline odgovorni su za po\u0161tovanje na\u010dela za\u0161tite privatnosti.\u201c<\/p><p><strong>Za\u0161tita poverljivih podataka o transakciji<\/strong><br \/>Pla\u0107anje proizvoda na na\u0161oj internet prodavnici je mogu\u0107e izvr\u0161iti platnim karticama \u2013 VISA, Maestro Dina ili MasterCard koje podr\u017eavaju pla\u0107anje preko Interneta. Pla\u0107anje karticama je realizovano u saradnji sa Raiffeisen bankom i obavlja se na bezbedan i sertifikovan na\u010din jednostavnim unosom podataka sa platne kartice.<br \/>Niti jednog trenutka podaci o platnoj kartici nisu dostupni na\u0161em sistemu. Ka\u0107olina od korisnika ne\u0107e zahtevati i arhivirati u bilo kojoj elektronskoj formi, podatke vezane za platnu karticu kojom se transakcija realizuje a posebno broj kartice, datum isticanja, CVC2 i CVV broj, itd. Nakon \u0161to se unesu podaci o kartici i potvrdi pla\u0107anje, banka autorizuje transakciju i time je kupovina kompletirana, a vi dobijate pristup kupljenom proizvodu. Proverite kod banke koja je karticu izdala da li Va\u0161a kartica podr\u017eava pla\u0107anje preko Interneta.<\/p><p><strong>Povra\u0107aj sredstava<\/strong><br \/>Trgovac je u obavezi da na e-commerce prodajnom mestu predo\u010di jasan i detaljan opis povra\u0107aja sredstava i da u slu\u010daju otkaza narud\u017ebine, povra\u0107aj napla\u0107enih sredstava Korisniku izvr\u0161i isklju\u010divo preko VISA, Maestro Dina ili MasterCard metoda pla\u0107anja, odnosno isklju\u010divo na ra\u010dun platne kartice storniranjem originalne transakcije. Prodajno mesto mo\u017ee koristiti slede\u0107u izjavu: \u201eU slu\u010daju vra\u0107anja robe i povra\u0107aja sredstava kupcu koji je prethodno platio nekom od platnih kartica, delimi\u010dno ili u celosti, a bez obzira na razlog vra\u0107anja, https:\/\/kacolina.rs je u obavezi da povra\u0107aj vr\u0161i isklju\u010divo preko VISA, Maestro Dina ili MasterCard metoda pla\u0107anja, \u0161to zna\u010di da \u0107e banka na zahtev prodavca obaviti povra\u0107aj sredstava na ra\u010dun korisnika kartice\u201c.<\/p><p><strong>Pristup proizvoda \u2013 Dostava proizvoda<\/strong><br \/>Nakon slanja porud\u017ebine od strane Kupca po\u010dinje status obrade porud\u017ebine. Tokom obrade na e-mail adresu kupca bi\u0107e poslato obave\u0161tenje o potvrdi porud\u017ebine. Pristupne parametre za prijavu na sajt: <a href=\"https:\/\/kacolina.rs\/en\/\">https:\/\/kacolina.rs<\/a> kreirate prilikom procesa poru\u010divanja. Odmah nakon zavr\u0161etka porud\u017ebine, bi\u0107e Vam kreiran nalog na sajtu i automatski \u0107ete biti ulogovani. <strong>Pristup pla\u0107enim receptima \u0107ete dobiti nakon evidentiranja uplate od strane administratora sajta.<\/strong> \u00a0U slu\u010daju bilo kakvih nejasno\u0107a ili problema vezanih za porud\u017ebinu, Kupac mo\u017ee kontaktirati Trgovca bez odlaganja. Pristup kupljenom virtuelnom proizvodu, Trgovac odobrava Kupcu. Nakon \u0161to trgovac odobri pristup kupcu, kupac \u0107e putem slede\u0107e adrese https:\/\/kacolina.rs imati pristup kupljenom virtuelnom proizvodu, u neograni\u010denom trajanju.<\/p><p><strong>Na\u010dini pla\u0107anja<\/strong><br \/>Pla\u0107anje porud\u017ebine izvr\u0161ene putem sajta www.kacolina.rs je mogu\u0107e izvr\u0161iti platnim karticama i putem direktne uplate na na\u0161 bankovni ra\u010dun.<\/p><p><strong>Cene<\/strong><br \/>Sve cene koje su izkazane na sajtu https:\/\/kacolina.rs su izra\u017eene u dinarima i u njih je ura\u010dunat PDV.<br \/>Za sve porud\u017ebine uzimaju se va\u017ee\u0107e cene u trenutku potvrde pla\u0107anja. Trgovac zadr\u017eava pravo da trenutne cene mo\u017ee promeniti u svakom trenutku. Kupovina robe uz posebne cenovne pogodnosti i\/ili uz posebne prodajne podsticaje obavlja u skladu sa Uslovima koji su objavljeni na sajtu.<\/p><p><strong>Intelektualna svojina<\/strong><br \/>Sav sadr\u017eaj (tekstovi, slike i drugi materijali) koji se nalazi na sajtu https:\/\/kacolina.rs predstavlja intelektualnu svojinu Trgovca ili tre\u0107ih lica od kojih je Trgovac dobio saglasnost za njegovo kori\u0161\u0107enje. Zabranjena je svaka upotreba sadr\u017eaja sajta https:\/\/kacolina.rs u komercijalne ili u druge svrhe bez izri\u010dite saglasnosti Trgovca.<\/p><p><strong>Politika reklamacija<\/strong><br \/>Ukoliko korisnik ima tehni\u010dki problem, a u skladu sa op\u0161tim uslovima kori\u0161\u0107enja, prihva\u0107enim uslovima ili potpisanim ugovorom kori\u0161\u0107enja usluge, ima pravo da uputi reklamaciju na e-mail adresu info@kacolina.rs. Reklamacija \u0107e biti re\u0161ena u skladu sa va\u017ee\u0107im zakonskim normama. Ka\u0107olina je du\u017ena da odgovori na reklamaciju u roku od tri radna dana, ne ra\u010dunaju\u0107i dan prijave reklamacije. U slu\u010daju uva\u017eene reklamacije kupcu koji je prethodno platio nekom od platnih kartica, delimi\u010dno ili u celosti, Ka\u0107olina je u obavezi da povra\u0107aj vr\u0161i isklju\u010divo preko VISA, EC\/MC, Maestro i Dina metoda pla\u0107anja, \u0161to zna\u010di da \u0107e banka na zahtev prodavca obaviti povra\u0107aj sredstava na ra\u010dun korisnika kartice.<\/p><p><strong>Digitalni proizvod nije mogu\u0107e vratiti.<br \/><\/strong>U skladu sa \u010dl. 36. Zakona o za\u0161titi potro\u0161a\u010da (\u201cSl. glasnik RS\u201d, br. 88\/2021) korisnik nema pravo da odustane od ugovora u slu\u010daju pru\u017eanja usluga, nakon \u0161to je usluga u potpunosti izvr\u0161ena, ako je pru\u017eanje usluge po\u010delo nakon izri\u010dite prethodne saglasnosti potro\u0161a\u010da i uz njegovu potvrdu da zna da gubi pravo na odustanak od ugovora kada trgovac u potpunosti izvr\u0161i ugovor.<\/p><p><strong>Zavr\u0161ne odredbe<\/strong><br \/>Na sva pitanja u vezi sa poru\u010divanjem putem sajta https:\/\/kacolina.rs koja nisu uredjena ovim Uslovima kori\u0161\u0107enja i prodaje primenjiva\u0107e se odredbe va\u017ee\u0107eg zakona u Republici Srbiji. Ugovorne strane \u0107e nastojati da sva eventualna sporna pitanja re\u0161e mirnim putem, a ukoliko to ne bude mogu\u0107e, takav spor \u0107e re\u0161iti pred stvarnim nadle\u017enim sudom u Beogradu. Trgovac zadr\u017eava pravo da ove uslove kori\u0161\u0107enja i prodaje menja bez prethodne najave, uz objavu na https:\/\/kacolina.rs.<\/p>\t\t\t\t\t\t\t\t<\/div>\n\t\t\t\t\t<\/div>\n\t\t\t\t<\/div>\n\t\t\t\t<\/div>","protected":false},"excerpt":{"rendered":"<p>Uslovi kori\u0161\u0107enja Ovi Uslovi kori\u0161\u0107enja prodaje va\u017ee za prodaju proizvoda iz prodajnog asortimana KATARINA JOVANOVI\u0106 PR LINA MEDIA, sa sedi\u0161tem u ul. Stevana Sin\u0111eli\u0107a 50, 15225 Jalovik (u daljem tekstu Trgovac putem internet stranice https:\/\/kacolina.rs) Osnovni podaci o firmi:Poslovno ime: KATARINA JOVANOVI\u0106 PR LINA MEDIAAdresa: Stevana Sin\u0111eli\u0107a 50, 15225 JalovikDelatnost: Fotografske usluge\u0160ifra delatnosti: 7420Mati\u010dni broj: [&hellip;]<\/p>\n","protected":false},"author":1,"featured_media":0,"parent":0,"menu_order":0,"comment_status":"closed","ping_status":"closed","template":"","meta":{"footnotes":""},"class_list":["post-3868","page","type-page","status-publish","hentry"],"_links":{"self":[{"href":"https:\/\/kacolina.rs\/en\/wp-json\/wp\/v2\/pages\/3868","targetHints":{"allow":["GET"]}}],"collection":[{"href":"https:\/\/kacolina.rs\/en\/wp-json\/wp\/v2\/pages"}],"about":[{"href":"https:\/\/kacolina.rs\/en\/wp-json\/wp\/v2\/types\/page"}],"author":[{"embeddable":true,"href":"https:\/\/kacolina.rs\/en\/wp-json\/wp\/v2\/users\/1"}],"replies":[{"embeddable":true,"href":"https:\/\/kacolina.rs\/en\/wp-json\/wp\/v2\/comments?post=3868"}],"version-history":[{"count":0,"href":"https:\/\/kacolina.rs\/en\/wp-json\/wp\/v2\/pages\/3868\/revisions"}],"wp:attachment":[{"href":"https:\/\/kacolina.rs\/en\/wp-json\/wp\/v2\/media?parent=3868"}],"curies":[{"name":"wp","href":"https:\/\/api.w.org\/{rel}","templated":true}]}}