{"id":3860,"date":"2025-12-20T11:58:36","date_gmt":"2025-12-20T11:58:36","guid":{"rendered":"https:\/\/kacolina.rs\/?page_id=3860"},"modified":"2025-12-26T00:27:45","modified_gmt":"2025-12-25T23:27:45","slug":"politika-privatnosti","status":"publish","type":"page","link":"https:\/\/kacolina.rs\/en\/politika-privatnosti\/","title":{"rendered":"Politika privatnosti"},"content":{"rendered":"<div data-elementor-type=\"wp-page\" data-elementor-id=\"3860\" class=\"elementor elementor-3860\" data-elementor-post-type=\"page\">\n\t\t\t\t<div class=\"elementor-element elementor-element-0a7fade e-flex e-con-boxed e-con e-parent\" data-id=\"0a7fade\" data-element_type=\"container\" data-e-type=\"container\">\n\t\t\t\t\t<div class=\"e-con-inner\">\n\t\t\t\t<div class=\"elementor-element elementor-element-18f940c elementor-widget elementor-widget-text-editor\" data-id=\"18f940c\" data-element_type=\"widget\" data-e-type=\"widget\" data-widget_type=\"text-editor.default\">\n\t\t\t\t\t\t\t\t\t<h4>Politika privatnosti<\/h4><p>KATARINA JOVANOVI\u0106 PR LINA MEDIA, Adresa: Stevana Sin\u0111eli\u0107a 50, 15225 Jalovik, Mati\u010dni broj: 67325818, Poreski broj (PIB): 114103338, Web adresa: <a href=\"https:\/\/kacolina.rs\/en\/\">https:\/\/kacolina.rs<\/a>, Kontakt e-mail: info@kacolina.rs (u daljem tekstu Trgovac) posve\u0107uje punu pa\u017enju za\u0161titi podataka o li\u010dnosti korisnika sajta https:\/\/kacolina.rs , odnosno kupaca koji od Trgovca kupuju proizvode preko navedenog sajta.<\/p><p>\u00a0<\/p><p>https:\/\/kacolina.rs prikuplja samo osnovne podatke o kupcima\/korisnicima i podatke neophodne za\u00a0poslovanje informisanje korisnika u skladu sa dobrim poslovnim obi\u010dajima i u cilju pru\u017eanja kvalitetne\u00a0usluge. Svi podaci o kupcima se strogo \u010duvaju i dostupni su samo zaposlenima kojima su ti podaci\u00a0nu\u017eni za obavljanje posla.<\/p><p>\u00a0<\/p><p>Svi zaposleni u KATARINA JOVANOVI\u0106 PR LINA MEDIA odgovorni su za po\u0161tovanje na\u010dela za\u0161tite privatnosti.<\/p><p>\u00a0<\/p><p>Trgovac ne\u0107e predati podatke o kupcima koji su prikupljeni putem sajta https:\/\/kacolina.rs, bilo kom\u00a0tre\u0107em licu, osim ukoliko je na takvu predaju podataka obavezan u skladu sa va\u017ee\u0107im zakonima\u00a0Republike Srbije. Na na\u0161em sajtu kupci imaju mogu\u0107nost izbora pa tako sami mogu da odlu\u010de da li\u00a0\u017eele ili ne da se izbri\u0161u sa mailing lista koje se koriste za marketin\u0161ke kampanje.<\/p><p>\u00a0<\/p><p>Prilikom uno\u0161enja podataka o platnoj kartici, poverljive informacije se prenose putem javne mre\u017ee u za\u0161ti\u0107enoj (kriptovanoj) formi upotrebom SSL protokola i PKI sistema, trenutno najsavremenije\u00a0 kriptografske tehnologije. Bezbednost li\u010dnih i finanskijskih podataka prilikom online kupovine garantuje procesor platnih kartica, Raiffeisen bank, zbog \u010dega se proces naplate obavlja isklju\u010divo na stranicama banke.<\/p><p>Podaci o platnoj kartici nisu dostupni na\u0161em sistemu, ve\u0107 isklju\u010divo sistemu banke.<\/p><p>Sajt https:\/\/kacolina.rs mo\u017ee da prepozna ranijeg korisnika pomo\u0107u kola\u010di\u0107a. Kola\u010di\u0107i personalizuju\u00a0posete sajtu u skladu sa li\u010dnim potrebama korisnika. Kola\u010di\u0107i se mogu onemogu\u0107iti pode\u0161avanjem internet postavki ure\u0111aja kojim pristupate sajtu.<\/p><p>Kontakt<\/p><p>Ako imate dalja pitanja ili zahteve u vezi sa time kako koristimo li\u010dne podatke, molimo vas da nas\u00a0kontaktirate na mejl: info@kacolina.rs. Ako niste zadovoljni na\u0161im odgovorom ili verujete da ne\u00a0obra\u0111ujemo Va\u0161e li\u010dne podatke u skladu sa va\u017ee\u0107im zakonom, mo\u017eete podneti \u017ealbu nadle\u017enom\u00a0regulatornom telu za za\u0161titu podataka.<\/p>\t\t\t\t\t\t\t\t<\/div>\n\t\t\t\t\t<\/div>\n\t\t\t\t<\/div>\n\t\t\t\t<\/div>","protected":false},"excerpt":{"rendered":"<p>Politika privatnosti KATARINA JOVANOVI\u0106 PR LINA MEDIA, Adresa: Stevana Sin\u0111eli\u0107a 50, 15225 Jalovik, Mati\u010dni broj: 67325818, Poreski broj (PIB): 114103338, Web adresa: https:\/\/kacolina.rs, Kontakt e-mail: info@kacolina.rs (u daljem tekstu Trgovac) posve\u0107uje punu pa\u017enju za\u0161titi podataka o li\u010dnosti korisnika sajta https:\/\/kacolina.rs , odnosno kupaca koji od Trgovca kupuju proizvode preko navedenog sajta. \u00a0 https:\/\/kacolina.rs prikuplja samo [&hellip;]<\/p>\n","protected":false},"author":1,"featured_media":0,"parent":0,"menu_order":0,"comment_status":"closed","ping_status":"closed","template":"","meta":{"footnotes":""},"class_list":["post-3860","page","type-page","status-publish","hentry"],"_links":{"self":[{"href":"https:\/\/kacolina.rs\/en\/wp-json\/wp\/v2\/pages\/3860","targetHints":{"allow":["GET"]}}],"collection":[{"href":"https:\/\/kacolina.rs\/en\/wp-json\/wp\/v2\/pages"}],"about":[{"href":"https:\/\/kacolina.rs\/en\/wp-json\/wp\/v2\/types\/page"}],"author":[{"embeddable":true,"href":"https:\/\/kacolina.rs\/en\/wp-json\/wp\/v2\/users\/1"}],"replies":[{"embeddable":true,"href":"https:\/\/kacolina.rs\/en\/wp-json\/wp\/v2\/comments?post=3860"}],"version-history":[{"count":0,"href":"https:\/\/kacolina.rs\/en\/wp-json\/wp\/v2\/pages\/3860\/revisions"}],"wp:attachment":[{"href":"https:\/\/kacolina.rs\/en\/wp-json\/wp\/v2\/media?parent=3860"}],"curies":[{"name":"wp","href":"https:\/\/api.w.org\/{rel}","templated":true}]}}