{"id":3743,"date":"2025-12-14T17:23:32","date_gmt":"2025-12-14T17:23:32","guid":{"rendered":""},"modified":"2025-12-29T14:22:17","modified_gmt":"2025-12-29T13:22:17","slug":"elm-fashion-v1","status":"publish","type":"page","link":"https:\/\/kacolina.rs\/en\/","title":{"rendered":"Ka\u0107olina &#8211; recepti"},"content":{"rendered":"<div data-elementor-type=\"wp-page\" data-elementor-id=\"3743\" class=\"elementor elementor-3743\" data-elementor-post-type=\"page\">\n\t\t\t\t<div class=\"elementor-element elementor-element-3751f08 e-con-full e-flex e-con e-parent\" data-id=\"3751f08\" data-element_type=\"container\" data-e-type=\"container\">\n\t\t<div class=\"elementor-element elementor-element-7a1579b e-con-full e-flex e-con e-child\" data-id=\"7a1579b\" data-element_type=\"container\" data-e-type=\"container\" data-settings=\"{&quot;background_background&quot;:&quot;classic&quot;}\">\n\t\t\t\t<div class=\"elementor-element elementor-element-33ace44 elementor-widget elementor-widget-text-editor\" data-id=\"33ace44\" data-element_type=\"widget\" data-e-type=\"widget\" data-widget_type=\"text-editor.default\">\n\t\t\t\t\t\t\t\t\t<p><strong>Koliko puta odustane\u0161 od kuvanja jer posle dva sata skrolanja po internetu ne na\u0111e\u0161 ideju?<\/strong> Ili jo\u0161 gore na\u0111e\u0161 recept ali na kraju od jela ostane samo pi\u010dvajz u kuhinji.<\/p><p>Na ovom sajtu dobija\u0161 <strong>100+ PROVERENIH recepata<\/strong>, \u010diji broj raste svake nedelje, <strong>do\u017eivotno<\/strong>. Dobija\u0161 detaljna uputstva, i precizne mere, kako bi svako jelo zavr\u0161ilo u stomaku, a ne u kanti za sme\u0107e.<\/p><p>Zato, ne gubi vreme na guglanje recepata, ili na pravljenje spla\u010dina koje ti predlo\u017ei tvoj bff chatgpt, i <strong>upadaj na sajt<\/strong>!<\/p>\t\t\t\t\t\t\t\t<\/div>\n\t\t<div class=\"elementor-element elementor-element-7b5eb6d e-con-full e-flex e-con e-child\" data-id=\"7b5eb6d\" data-element_type=\"container\" data-e-type=\"container\">\n\t\t\t\t<div class=\"elementor-element elementor-element-2155932 elementor-widget elementor-widget-button\" data-id=\"2155932\" data-element_type=\"widget\" data-e-type=\"widget\" data-widget_type=\"button.default\">\n\t\t\t\t\t\t\t\t\t\t<a class=\"elementor-button elementor-button-link elementor-size-sm\" href=\"https:\/\/kacolina.rs\/en\/svi-recepti\/\">\n\t\t\t\t\t\t<span class=\"elementor-button-content-wrapper\">\n\t\t\t\t\t\t\t\t\t<span class=\"elementor-button-text\">Pogledaj recepte<\/span>\n\t\t\t\t\t<\/span>\n\t\t\t\t\t<\/a>\n\t\t\t\t\t\t\t\t<\/div>\n\t\t\t\t<div class=\"elementor-element elementor-element-f5f7eb7 elementor-widget elementor-widget-button\" data-id=\"f5f7eb7\" data-element_type=\"widget\" data-e-type=\"widget\" data-widget_type=\"button.default\">\n\t\t\t\t\t\t\t\t\t\t<a class=\"elementor-button elementor-button-link elementor-size-sm\" href=\"https:\/\/kacolina.rs\/en\/p\/prikaz-svih-recepata\/\">\n\t\t\t\t\t\t<span class=\"elementor-button-content-wrapper\">\n\t\t\t\t\t\t\t\t\t<span class=\"elementor-button-text\">Pretplati se &gt;&gt;<\/span>\n\t\t\t\t\t<\/span>\n\t\t\t\t\t<\/a>\n\t\t\t\t\t\t\t\t<\/div>\n\t\t\t\t<\/div>\n\t\t\t\t<\/div>\n\t\t<div class=\"elementor-element elementor-element-a42ed5d e-con-full e-flex e-con e-child\" data-id=\"a42ed5d\" data-element_type=\"container\" data-e-type=\"container\">\n\t\t\t\t<div class=\"elementor-element elementor-element-18bb186 elementor-widget elementor-widget-image\" data-id=\"18bb186\" data-element_type=\"widget\" data-e-type=\"widget\" data-widget_type=\"image.default\">\n\t\t\t\t\t\t\t\t\t\t\t\t\t\t\t<img fetchpriority=\"high\" decoding=\"async\" width=\"924\" height=\"614\" src=\"https:\/\/kacolina.rs\/wp-content\/uploads\/2025\/12\/kacolina-naslovna.png\" class=\"attachment-full size-full wp-image-3918\" alt=\"\" srcset=\"https:\/\/kacolina.rs\/wp-content\/uploads\/2025\/12\/kacolina-naslovna.png 924w, https:\/\/kacolina.rs\/wp-content\/uploads\/2025\/12\/kacolina-naslovna-350x233.png 350w, https:\/\/kacolina.rs\/wp-content\/uploads\/2025\/12\/kacolina-naslovna-595x395.png 595w, https:\/\/kacolina.rs\/wp-content\/uploads\/2025\/12\/kacolina-naslovna-150x100.png 150w, https:\/\/kacolina.rs\/wp-content\/uploads\/2025\/12\/kacolina-naslovna-768x510.png 768w, https:\/\/kacolina.rs\/wp-content\/uploads\/2025\/12\/kacolina-naslovna-450x299.png 450w\" sizes=\"(max-width: 924px) 100vw, 924px\" \/>\t\t\t\t\t\t\t\t\t\t\t\t\t\t\t<\/div>\n\t\t\t\t<\/div>\n\t\t\t\t<\/div>\n\t\t\t\t<\/div>","protected":false},"excerpt":{"rendered":"<p>Koliko puta odustane\u0161 od kuvanja jer posle dva sata skrolanja po internetu ne na\u0111e\u0161 ideju? Ili jo\u0161 gore na\u0111e\u0161 recept ali na kraju od jela ostane samo pi\u010dvajz u kuhinji. Na ovom sajtu dobija\u0161 100+ PROVERENIH recepata, \u010diji broj raste svake nedelje, do\u017eivotno. Dobija\u0161 detaljna uputstva, i precizne mere, kako bi svako jelo zavr\u0161ilo u [&hellip;]<\/p>\n","protected":false},"author":1,"featured_media":0,"parent":0,"menu_order":0,"comment_status":"closed","ping_status":"closed","template":"","meta":{"footnotes":""},"class_list":["post-3743","page","type-page","status-publish","hentry"],"_links":{"self":[{"href":"https:\/\/kacolina.rs\/en\/wp-json\/wp\/v2\/pages\/3743","targetHints":{"allow":["GET"]}}],"collection":[{"href":"https:\/\/kacolina.rs\/en\/wp-json\/wp\/v2\/pages"}],"about":[{"href":"https:\/\/kacolina.rs\/en\/wp-json\/wp\/v2\/types\/page"}],"author":[{"embeddable":true,"href":"https:\/\/kacolina.rs\/en\/wp-json\/wp\/v2\/users\/1"}],"replies":[{"embeddable":true,"href":"https:\/\/kacolina.rs\/en\/wp-json\/wp\/v2\/comments?post=3743"}],"version-history":[{"count":0,"href":"https:\/\/kacolina.rs\/en\/wp-json\/wp\/v2\/pages\/3743\/revisions"}],"wp:attachment":[{"href":"https:\/\/kacolina.rs\/en\/wp-json\/wp\/v2\/media?parent=3743"}],"curies":[{"name":"wp","href":"https:\/\/api.w.org\/{rel}","templated":true}]}}